{"id":71,"date":"2020-10-14T09:27:59","date_gmt":"2020-10-14T07:27:59","guid":{"rendered":"https:\/\/simplyroomlet.com\/about\/"},"modified":"2024-02-29T13:24:27","modified_gmt":"2024-02-29T12:24:27","slug":"about-us","status":"publish","type":"page","link":"https:\/\/simplyroomlet.com\/cz\/about-us\/","title":{"rendered":"O n\u00e1s"},"content":{"rendered":"<div data-elementor-type=\"wp-page\" data-elementor-id=\"71\" class=\"elementor elementor-71\">\n\t\t\t\t\t\t<section class=\"elementor-section elementor-top-section elementor-element elementor-element-d0f3366 elementor-section-boxed elementor-section-height-default elementor-section-height-default\" data-id=\"d0f3366\" data-element_type=\"section\">\n\t\t\t\t\t\t<div class=\"elementor-container elementor-column-gap-no\">\n\t\t\t\t\t<div class=\"aux-parallax-section elementor-column elementor-col-50 elementor-top-column elementor-element elementor-element-0705c80\" data-id=\"0705c80\" data-element_type=\"column\">\n\t\t\t<div class=\"elementor-widget-wrap elementor-element-populated\">\n\t\t\t\t\t\t<div class=\"elementor-element elementor-element-610f12d elementor-widget elementor-widget-aux_modern_heading\" data-id=\"610f12d\" data-element_type=\"widget\" data-widget_type=\"aux_modern_heading.default\">\n\t\t\t\t<div class=\"elementor-widget-container\">\n\t\t\t<section class=\"aux-widget-modern-heading\">\n            <div class=\"aux-widget-inner\"><h5 class=\"aux-modern-heading-primary\"><\/h5><h3 class=\"aux-modern-heading-secondary\"><span class=\"aux-head-before\">O n\u00e1s<\/span><\/h3><div class=\"aux-modern-heading-description\"><p>We are not just ordinary HMO letting agents; we are not your typical landlords. We stand for sustainability and affordability. We stand for the people. With years of experience in renting properties both in London and abroad, we pride ourselves on transparency \u2014 our rental price covers all bills and maintenance, with no hidden costs or fees. As a family business, we prioritize a personal approach, fostering professional and factual conversations. With us, you'll experience a sense of assurance and well-being.<\/p><\/div><\/div>\n        <\/section>\t\t<\/div>\n\t\t\t\t<\/div>\n\t\t\t\t<div class=\"elementor-element elementor-element-e68d74f elementor-widget elementor-widget-aux_modern_heading\" data-id=\"e68d74f\" data-element_type=\"widget\" data-widget_type=\"aux_modern_heading.default\">\n\t\t\t\t<div class=\"elementor-widget-container\">\n\t\t\t<section class=\"aux-widget-modern-heading\">\n            <div class=\"aux-widget-inner\"><h5 class=\"aux-modern-heading-primary\"><\/h5><h3 class=\"aux-modern-heading-secondary\"><span class=\"aux-head-before\">Na\u0161i partne\u0159i<\/span><\/h3><\/div>\n        <\/section>\t\t<\/div>\n\t\t\t\t<\/div>\n\t\t\t\t<div class=\"elementor-element elementor-element-79f458b elementor-widget elementor-widget-image\" data-id=\"79f458b\" data-element_type=\"widget\" data-widget_type=\"image.default\">\n\t\t\t\t<div class=\"elementor-widget-container\">\n\t\t\t<style>\/*! elementor - v3.19.0 - 26-02-2024 *\/\n.elementor-widget-image{text-align:center}.elementor-widget-image a{display:inline-block}.elementor-widget-image a img[src$=\".svg\"]{width:48px}.elementor-widget-image img{vertical-align:middle;display:inline-block}<\/style>\t\t\t\t\t\t\t\t\t\t\t<a href=\"https:\/\/block96.cz\/\" target=\"_blank\">\n\t\t\t\t\t\t\t<img decoding=\"async\" width=\"149\" height=\"150\" src=\"https:\/\/simplyroomlet.com\/wp-content\/uploads\/2024\/02\/block96-logo.png\" class=\"attachment-thumbnail size-thumbnail wp-image-770\" alt=\"\" srcset=\"https:\/\/simplyroomlet.com\/wp-content\/uploads\/2024\/02\/block96-logo.png 150w, https:\/\/simplyroomlet.com\/wp-content\/uploads\/2024\/02\/block96-logo-12x12.png 12w\" sizes=\"(max-width: 149px) 100vw, 149px\" loading=\"eager\" \/>\t\t\t\t\t\t\t\t<\/a>\n\t\t\t\t\t\t\t\t\t\t\t\t\t<\/div>\n\t\t\t\t<\/div>\n\t\t\t\t<div class=\"elementor-element elementor-element-aeeeb44 elementor-widget elementor-widget-image\" data-id=\"aeeeb44\" data-element_type=\"widget\" data-widget_type=\"image.default\">\n\t\t\t\t<div class=\"elementor-widget-container\">\n\t\t\t\t\t\t\t\t\t\t\t\t\t\t<a href=\"https:\/\/www.cafe96.cz\/\" target=\"_blank\">\n\t\t\t\t\t\t\t<img decoding=\"async\" width=\"150\" height=\"150\" src=\"https:\/\/simplyroomlet.com\/wp-content\/uploads\/2024\/02\/cafe96-logo-large-150x150.png\" class=\"attachment-thumbnail size-thumbnail wp-image-769\" alt=\"\" srcset=\"https:\/\/simplyroomlet.com\/wp-content\/uploads\/2024\/02\/cafe96-logo-large-150x150.png 150w, https:\/\/simplyroomlet.com\/wp-content\/uploads\/2024\/02\/cafe96-logo-large-12x12.png 12w, https:\/\/simplyroomlet.com\/wp-content\/uploads\/2024\/02\/cafe96-logo-large-200x200.png 200w, https:\/\/simplyroomlet.com\/wp-content\/uploads\/2024\/02\/cafe96-logo-large.png 225w\" sizes=\"(max-width: 150px) 100vw, 150px\" loading=\"eager\" \/>\t\t\t\t\t\t\t\t<\/a>\n\t\t\t\t\t\t\t\t\t\t\t\t\t<\/div>\n\t\t\t\t<\/div>\n\t\t\t\t<div class=\"elementor-element elementor-element-fbd3be0 elementor-widget elementor-widget-image\" data-id=\"fbd3be0\" data-element_type=\"widget\" data-widget_type=\"image.default\">\n\t\t\t\t<div class=\"elementor-widget-container\">\n\t\t\t\t\t\t\t\t\t\t\t\t\t<img decoding=\"async\" width=\"125\" height=\"40\" src=\"https:\/\/simplyroomlet.com\/wp-content\/uploads\/2024\/02\/czechia-on.jpg\" class=\"attachment-large size-large wp-image-772\" alt=\"\" srcset=\"https:\/\/simplyroomlet.com\/wp-content\/uploads\/2024\/02\/czechia-on.jpg 125w, https:\/\/simplyroomlet.com\/wp-content\/uploads\/2024\/02\/czechia-on-18x6.jpg 18w\" sizes=\"(max-width: 125px) 100vw, 125px\" loading=\"eager\" \/>\t\t\t\t\t\t\t\t\t\t\t\t\t<\/div>\n\t\t\t\t<\/div>\n\t\t\t\t<div class=\"elementor-element elementor-element-9bec67a elementor-widget elementor-widget-image\" data-id=\"9bec67a\" data-element_type=\"widget\" data-widget_type=\"image.default\">\n\t\t\t\t<div class=\"elementor-widget-container\">\n\t\t\t\t\t\t\t\t\t\t\t\t\t\t<a href=\"https:\/\/www.valasskechalupy.cz\/\" target=\"_blank\">\n\t\t\t\t\t\t\t<img decoding=\"async\" width=\"159\" height=\"84\" src=\"https:\/\/simplyroomlet.com\/wp-content\/uploads\/2024\/02\/logo-white.png\" class=\"attachment-large size-large wp-image-773\" alt=\"\" srcset=\"https:\/\/simplyroomlet.com\/wp-content\/uploads\/2024\/02\/logo-white.png 159w, https:\/\/simplyroomlet.com\/wp-content\/uploads\/2024\/02\/logo-white-18x10.png 18w\" sizes=\"(max-width: 159px) 100vw, 159px\" loading=\"eager\" \/>\t\t\t\t\t\t\t\t<\/a>\n\t\t\t\t\t\t\t\t\t\t\t\t\t<\/div>\n\t\t\t\t<\/div>\n\t\t\t\t\t<\/div>\n\t\t<\/div>\n\t\t\t\t<div class=\"aux-parallax-section elementor-column elementor-col-50 elementor-top-column elementor-element elementor-element-8bbf5bb\" data-id=\"8bbf5bb\" data-element_type=\"column\">\n\t\t\t<div class=\"elementor-widget-wrap elementor-element-populated\">\n\t\t\t\t\t\t<div class=\"elementor-element elementor-element-9f4424b elementor-widget elementor-widget-aux_image\" data-id=\"9f4424b\" data-element_type=\"widget\" data-widget_type=\"aux_image.default\">\n\t\t\t\t<div class=\"elementor-widget-container\">\n\t\t\t<section class=\"widget-container aux-widget-image aux-alignnone aux-parent-au0fbde98e\">\n    <div class=\"aux-media-hint-frame\">\n        <div class=\"aux-media-image\" >\n        \n            \n\n            \n            <img fetchpriority=\"high\" decoding=\"async\" width=\"1004\" height=\"1500\" src=\"https:\/\/simplyroomlet.com\/wp-content\/uploads\/2024\/02\/soldier-london.jpeg\" class=\"aux-attachment aux-featured-image aux-attachment-id-768\" alt=\"soldier-london\" data-ratio=\"0.67\" data-original-w=\"1004\" \/>            \n                <\/div>\n    <\/div>\n\n<\/section><!-- widget-container -->\t\t<\/div>\n\t\t\t\t<\/div>\n\t\t\t\t\t<\/div>\n\t\t<\/div>\n\t\t\t\t\t<\/div>\n\t\t<\/section>\n\t\t\t\t<section class=\"elementor-section elementor-top-section elementor-element elementor-element-0583439 elementor-section-boxed elementor-section-height-default elementor-section-height-default\" data-id=\"0583439\" data-element_type=\"section\">\n\t\t\t\t\t\t<div class=\"elementor-container elementor-column-gap-no\">\n\t\t\t\t\t<div class=\"aux-parallax-section elementor-column elementor-col-100 elementor-top-column elementor-element elementor-element-ca70d33\" data-id=\"ca70d33\" data-element_type=\"column\" data-settings=\"{&quot;background_background&quot;:&quot;classic&quot;}\">\n\t\t\t<div class=\"elementor-widget-wrap elementor-element-populated\">\n\t\t\t\t\t\t<section class=\"elementor-section elementor-inner-section elementor-element elementor-element-6914bc5 elementor-section-boxed elementor-section-height-default elementor-section-height-default\" data-id=\"6914bc5\" data-element_type=\"section\">\n\t\t\t\t\t\t<div class=\"elementor-container elementor-column-gap-no\">\n\t\t\t\t\t<div class=\"aux-parallax-section elementor-column elementor-col-25 elementor-inner-column elementor-element elementor-element-b5829f3\" data-id=\"b5829f3\" data-element_type=\"column\">\n\t\t\t<div class=\"elementor-widget-wrap elementor-element-populated\">\n\t\t\t\t\t\t<div class=\"elementor-element elementor-element-e6e6ce7 elementor-widget__width-auto elementor-widget elementor-widget-aux_counter\" data-id=\"e6e6ce7\" data-element_type=\"widget\" data-widget_type=\"aux_counter.default\">\n\t\t\t\t<div class=\"elementor-widget-container\">\n\t\t\t\t\t<div class=\"aux-counter\">\n\t\t\t<div class=\"aux-counter-number-wrapper\">\n\t\t\t\t<span class=\"aux-counter-number-prefix\"><\/span>\n\t\t\t\t<span class=\"aux-counter-number\" data-duration=\"2000\" data-to-value=\"110\" data-from-value=\"0\" data-delay=\"0\" data-easing=\"\" data-delimiter=\",\">0<\/span>\n\t\t\t\t<span class=\"aux-counter-number-suffix\"><\/span>\n\t\t\t<\/div>\n\t\t\t\t\t<\/div>\n\t\t\t\t<\/div>\n\t\t\t\t<\/div>\n\t\t\t\t<div class=\"elementor-element elementor-element-1b3f529 elementor-widget__width-auto elementor-widget elementor-widget-aux_icon_list\" data-id=\"1b3f529\" data-element_type=\"widget\" data-widget_type=\"aux_icon_list.default\">\n\t\t\t\t<div class=\"elementor-widget-container\">\n\t\t\t<section class=\"widget-container aux-widget-icon-list aux-parent-auf594de0c\" style=\"\" ><div class=\"widget-inner\"><div class=\"aux-widget-icon-list-inner\"><ul class=\"aux-icon-list-items aux-direction-default\" ><li class=\"aux-icon-list-item aux-list-item-has-icon aux-icon-list-item-e00a332 elementor-repeater-item-e00a332\" ><span class=\"aux-icon-list-text\" >obsluhovan\u00fdch pokoj\u016f<\/span><\/li><\/ul><\/div><\/div><\/section><!-- widget-container -->\t\t<\/div>\n\t\t\t\t<\/div>\n\t\t\t\t\t<\/div>\n\t\t<\/div>\n\t\t\t\t<div class=\"aux-parallax-section elementor-column elementor-col-25 elementor-inner-column elementor-element elementor-element-8f3362e\" data-id=\"8f3362e\" data-element_type=\"column\">\n\t\t\t<div class=\"elementor-widget-wrap elementor-element-populated\">\n\t\t\t\t\t\t<div class=\"elementor-element elementor-element-d85b689 elementor-widget__width-auto elementor-widget elementor-widget-aux_counter\" data-id=\"d85b689\" data-element_type=\"widget\" data-widget_type=\"aux_counter.default\">\n\t\t\t\t<div class=\"elementor-widget-container\">\n\t\t\t\t\t<div class=\"aux-counter\">\n\t\t\t<div class=\"aux-counter-number-wrapper\">\n\t\t\t\t<span class=\"aux-counter-number-prefix\"><\/span>\n\t\t\t\t<span class=\"aux-counter-number\" data-duration=\"2000\" data-to-value=\"20\" data-from-value=\"0\" data-delay=\"0\" data-easing=\"\" data-delimiter=\",\">0<\/span>\n\t\t\t\t<span class=\"aux-counter-number-suffix\"><\/span>\n\t\t\t<\/div>\n\t\t\t\t\t<\/div>\n\t\t\t\t<\/div>\n\t\t\t\t<\/div>\n\t\t\t\t<div class=\"elementor-element elementor-element-df3c611 elementor-widget__width-auto elementor-widget elementor-widget-aux_icon_list\" data-id=\"df3c611\" data-element_type=\"widget\" data-widget_type=\"aux_icon_list.default\">\n\t\t\t\t<div class=\"elementor-widget-container\">\n\t\t\t<section class=\"widget-container aux-widget-icon-list aux-parent-aua0180aa1\" style=\"\" ><div class=\"widget-inner\"><div class=\"aux-widget-icon-list-inner\"><ul class=\"aux-icon-list-items aux-direction-default\" ><li class=\"aux-icon-list-item aux-list-item-has-icon aux-icon-list-item-e00a332 elementor-repeater-item-e00a332\" ><span class=\"aux-icon-list-text\" >licensovan\u00fdch<\/span><\/li><li class=\"aux-icon-list-item aux-list-item-has-icon aux-icon-list-item-ad4ce4e elementor-repeater-item-ad4ce4e\" ><span class=\"aux-icon-list-text\" >HMO nemovitost\u00ed<\/span><\/li><\/ul><\/div><\/div><\/section><!-- widget-container -->\t\t<\/div>\n\t\t\t\t<\/div>\n\t\t\t\t\t<\/div>\n\t\t<\/div>\n\t\t\t\t<div class=\"aux-parallax-section elementor-column elementor-col-25 elementor-inner-column elementor-element elementor-element-8a28171\" data-id=\"8a28171\" data-element_type=\"column\">\n\t\t\t<div class=\"elementor-widget-wrap elementor-element-populated\">\n\t\t\t\t\t\t<div class=\"elementor-element elementor-element-db2aab1 elementor-widget__width-auto elementor-widget elementor-widget-aux_counter\" data-id=\"db2aab1\" data-element_type=\"widget\" data-widget_type=\"aux_counter.default\">\n\t\t\t\t<div class=\"elementor-widget-container\">\n\t\t\t\t\t<div class=\"aux-counter\">\n\t\t\t<div class=\"aux-counter-number-wrapper\">\n\t\t\t\t<span class=\"aux-counter-number-prefix\"><\/span>\n\t\t\t\t<span class=\"aux-counter-number\" data-duration=\"2000\" data-to-value=\"100\" data-from-value=\"0\" data-delay=\"0\" data-easing=\"\" data-delimiter=\",\">0<\/span>\n\t\t\t\t<span class=\"aux-counter-number-suffix\"><\/span>\n\t\t\t<\/div>\n\t\t\t\t\t<\/div>\n\t\t\t\t<\/div>\n\t\t\t\t<\/div>\n\t\t\t\t<div class=\"elementor-element elementor-element-c00ec72 elementor-widget__width-auto elementor-widget elementor-widget-aux_icon_list\" data-id=\"c00ec72\" data-element_type=\"widget\" data-widget_type=\"aux_icon_list.default\">\n\t\t\t\t<div class=\"elementor-widget-container\">\n\t\t\t<section class=\"widget-container aux-widget-icon-list aux-parent-aue88dbc56\" style=\"\" ><div class=\"widget-inner\"><div class=\"aux-widget-icon-list-inner\"><ul class=\"aux-icon-list-items aux-direction-default\" ><li class=\"aux-icon-list-item aux-list-item-has-icon aux-icon-list-item-e00a332 elementor-repeater-item-e00a332\" ><span class=\"aux-icon-list-text\" >Individu\u00e1ln\u00edch<\/span><\/li><li class=\"aux-icon-list-item aux-list-item-has-icon aux-icon-list-item-7730ef8 elementor-repeater-item-7730ef8\" ><span class=\"aux-icon-list-text\" >n\u00e1jemn\u00edk\u016f<\/span><\/li><\/ul><\/div><\/div><\/section><!-- widget-container -->\t\t<\/div>\n\t\t\t\t<\/div>\n\t\t\t\t\t<\/div>\n\t\t<\/div>\n\t\t\t\t<div class=\"aux-parallax-section elementor-column elementor-col-25 elementor-inner-column elementor-element elementor-element-3b227a4\" data-id=\"3b227a4\" data-element_type=\"column\">\n\t\t\t<div class=\"elementor-widget-wrap elementor-element-populated\">\n\t\t\t\t\t\t<div class=\"elementor-element elementor-element-526cb95 elementor-widget__width-auto elementor-widget elementor-widget-aux_counter\" data-id=\"526cb95\" data-element_type=\"widget\" data-widget_type=\"aux_counter.default\">\n\t\t\t\t<div class=\"elementor-widget-container\">\n\t\t\t\t\t<div class=\"aux-counter\">\n\t\t\t<div class=\"aux-counter-number-wrapper\">\n\t\t\t\t<span class=\"aux-counter-number-prefix\"><\/span>\n\t\t\t\t<span class=\"aux-counter-number\" data-duration=\"2000\" data-to-value=\"22\" data-from-value=\"0\" data-delay=\"0\" data-easing=\"\" data-delimiter=\",\">0<\/span>\n\t\t\t\t<span class=\"aux-counter-number-suffix\"><\/span>\n\t\t\t<\/div>\n\t\t\t\t\t<\/div>\n\t\t\t\t<\/div>\n\t\t\t\t<\/div>\n\t\t\t\t<div class=\"elementor-element elementor-element-3b64eaa elementor-widget__width-auto elementor-widget elementor-widget-aux_icon_list\" data-id=\"3b64eaa\" data-element_type=\"widget\" data-widget_type=\"aux_icon_list.default\">\n\t\t\t\t<div class=\"elementor-widget-container\">\n\t\t\t<section class=\"widget-container aux-widget-icon-list aux-parent-au9c9a51a7\" style=\"\" ><div class=\"widget-inner\"><div class=\"aux-widget-icon-list-inner\"><ul class=\"aux-icon-list-items aux-direction-default\" ><li class=\"aux-icon-list-item aux-list-item-has-icon aux-icon-list-item-e00a332 elementor-repeater-item-e00a332\" ><span class=\"aux-icon-list-text\" >let<\/span><\/li><li class=\"aux-icon-list-item aux-list-item-has-icon aux-icon-list-item-7730ef8 elementor-repeater-item-7730ef8\" ><span class=\"aux-icon-list-text\" >zku\u0161enost\u00ed<\/span><\/li><\/ul><\/div><\/div><\/section><!-- widget-container -->\t\t<\/div>\n\t\t\t\t<\/div>\n\t\t\t\t\t<\/div>\n\t\t<\/div>\n\t\t\t\t\t<\/div>\n\t\t<\/section>\n\t\t\t\t\t<\/div>\n\t\t<\/div>\n\t\t\t\t\t<\/div>\n\t\t<\/section>\n\t\t<div class=\"elementor-element elementor-element-8fb44de e-flex e-con-boxed e-con e-parent\" data-id=\"8fb44de\" data-element_type=\"container\" data-settings=\"{&quot;container_type&quot;:&quot;flex&quot;,&quot;content_width&quot;:&quot;boxed&quot;}\" data-core-v316-plus=\"true\">\n\t\t\t\t\t<div class=\"e-con-inner\">\n\t\t\t\t<div class=\"elementor-element elementor-element-b55fb6c elementor-widget elementor-widget-spacer\" data-id=\"b55fb6c\" data-element_type=\"widget\" data-widget_type=\"spacer.default\">\n\t\t\t\t<div class=\"elementor-widget-container\">\n\t\t\t<style>\/*! elementor - v3.19.0 - 26-02-2024 *\/\n.elementor-column .elementor-spacer-inner{height:var(--spacer-size)}.e-con{--container-widget-width:100%}.e-con-inner>.elementor-widget-spacer,.e-con>.elementor-widget-spacer{width:var(--container-widget-width,var(--spacer-size));--align-self:var(--container-widget-align-self,initial);--flex-shrink:0}.e-con-inner>.elementor-widget-spacer>.elementor-widget-container,.e-con>.elementor-widget-spacer>.elementor-widget-container{height:100%;width:100%}.e-con-inner>.elementor-widget-spacer>.elementor-widget-container>.elementor-spacer,.e-con>.elementor-widget-spacer>.elementor-widget-container>.elementor-spacer{height:100%}.e-con-inner>.elementor-widget-spacer>.elementor-widget-container>.elementor-spacer>.elementor-spacer-inner,.e-con>.elementor-widget-spacer>.elementor-widget-container>.elementor-spacer>.elementor-spacer-inner{height:var(--container-widget-height,var(--spacer-size))}.e-con-inner>.elementor-widget-spacer.elementor-widget-empty,.e-con>.elementor-widget-spacer.elementor-widget-empty{position:relative;min-height:22px;min-width:22px}.e-con-inner>.elementor-widget-spacer.elementor-widget-empty .elementor-widget-empty-icon,.e-con>.elementor-widget-spacer.elementor-widget-empty .elementor-widget-empty-icon{position:absolute;top:0;bottom:0;left:0;right:0;margin:auto;padding:0;width:22px;height:22px}<\/style>\t\t<div class=\"elementor-spacer\">\n\t\t\t<div class=\"elementor-spacer-inner\"><\/div>\n\t\t<\/div>\n\t\t\t\t<\/div>\n\t\t\t\t<\/div>\n\t\t\t\t\t<\/div>\n\t\t\t\t<\/div>\n\t\t\t\t<\/div>","protected":false},"excerpt":{"rendered":"<p>About us We are not just ordinary HMO letting agents; we are not your typical landlords. We stand for sustainability and affordability. We stand for the people. With years of experience in renting properties both in London and abroad, we pride ourselves on transparency \u2014 our rental price covers all bills and maintenance, with no [&hellip;]<\/p>","protected":false},"author":1,"featured_media":0,"parent":0,"menu_order":0,"comment_status":"closed","ping_status":"closed","template":"templates\/page-builder-content.php","meta":{"footnotes":""},"class_list":["post-71","page","type-page","status-publish","hentry"],"_links":{"self":[{"href":"https:\/\/simplyroomlet.com\/cz\/wp-json\/wp\/v2\/pages\/71","targetHints":{"allow":["GET"]}}],"collection":[{"href":"https:\/\/simplyroomlet.com\/cz\/wp-json\/wp\/v2\/pages"}],"about":[{"href":"https:\/\/simplyroomlet.com\/cz\/wp-json\/wp\/v2\/types\/page"}],"author":[{"embeddable":true,"href":"https:\/\/simplyroomlet.com\/cz\/wp-json\/wp\/v2\/users\/1"}],"replies":[{"embeddable":true,"href":"https:\/\/simplyroomlet.com\/cz\/wp-json\/wp\/v2\/comments?post=71"}],"version-history":[{"count":44,"href":"https:\/\/simplyroomlet.com\/cz\/wp-json\/wp\/v2\/pages\/71\/revisions"}],"predecessor-version":[{"id":785,"href":"https:\/\/simplyroomlet.com\/cz\/wp-json\/wp\/v2\/pages\/71\/revisions\/785"}],"wp:attachment":[{"href":"https:\/\/simplyroomlet.com\/cz\/wp-json\/wp\/v2\/media?parent=71"}],"curies":[{"name":"wp","href":"https:\/\/api.w.org\/{rel}","templated":true}]}}